{"id":708,"date":"2026-02-09T10:45:11","date_gmt":"2026-02-09T09:45:11","guid":{"rendered":"https:\/\/consommables448khz.truxonline.com\/?post_type=product&#038;p=708"},"modified":"2026-03-02T09:25:27","modified_gmt":"2026-03-02T08:25:27","slug":"kit-mobility","status":"publish","type":"product","link":"https:\/\/consommables448khz.truxonline.com\/index.php\/product\/kit-mobility\/","title":{"rendered":"Kit Mobility"},"content":{"rendered":"<p>2 petites poign\u00e9es CAP &amp; RES avec c\u00e2bles<br \/>\n2 \u00e9lectrodes CAP (\u00d8 40 &amp; 60 mm)<br \/>\n2 \u00e9lectrodes RES (\u00d8 35 &amp; 50 mm)<\/p>\n","protected":false},"excerpt":{"rendered":"<p>2 petites poign\u00e9es CAP &amp; RES avec c\u00e2bles 2 \u00e9lectrodes CAP (\u00d8 40 &amp; 60 mm) 2 \u00e9lectrodes RES (\u00d8 [&hellip;]<\/p>\n","protected":false},"featured_media":709,"template":"","meta":{"site-sidebar-layout":"default","site-content-layout":"","ast-site-content-layout":"default","site-content-style":"default","site-sidebar-style":"default","ast-global-header-display":"","ast-banner-title-visibility":"","ast-main-header-display":"","ast-hfb-above-header-display":"","ast-hfb-below-header-display":"","ast-hfb-mobile-header-display":"","site-post-title":"","ast-breadcrumbs-content":"","ast-featured-img":"","footer-sml-layout":"","theme-transparent-header-meta":"default","adv-header-id-meta":"","stick-header-meta":"","header-above-stick-meta":"","header-main-stick-meta":"","header-below-stick-meta":"","astra-migrate-meta-layouts":"set","ast-page-background-enabled":"default","ast-page-background-meta":{"desktop":{"background-color":"var(--ast-global-color-5)","background-image":"","background-repeat":"repeat","background-position":"center center","background-size":"auto","background-attachment":"scroll","background-type":"","background-media":"","overlay-type":"","overlay-color":"","overlay-opacity":"","overlay-gradient":""},"tablet":{"background-color":"","background-image":"","background-repeat":"repeat","background-position":"center center","background-size":"auto","background-attachment":"scroll","background-type":"","background-media":"","overlay-type":"","overlay-color":"","overlay-opacity":"","overlay-gradient":""},"mobile":{"background-color":"","background-image":"","background-repeat":"repeat","background-position":"center center","background-size":"auto","background-attachment":"scroll","background-type":"","background-media":"","overlay-type":"","overlay-color":"","overlay-opacity":"","overlay-gradient":""}},"ast-content-background-meta":{"desktop":{"background-color":"var(--ast-global-color-4)","background-image":"","background-repeat":"repeat","background-position":"center center","background-size":"auto","background-attachment":"scroll","background-type":"","background-media":"","overlay-type":"","overlay-color":"","overlay-opacity":"","overlay-gradient":""},"tablet":{"background-color":"var(--ast-global-color-4)","background-image":"","background-repeat":"repeat","background-position":"center center","background-size":"auto","background-attachment":"scroll","background-type":"","background-media":"","overlay-type":"","overlay-color":"","overlay-opacity":"","overlay-gradient":""},"mobile":{"background-color":"var(--ast-global-color-4)","background-image":"","background-repeat":"repeat","background-position":"center center","background-size":"auto","background-attachment":"scroll","background-type":"","background-media":"","overlay-type":"","overlay-color":"","overlay-opacity":"","overlay-gradient":""}}},"machine":[67],"product_brand":[],"product_cat":[60],"product_tag":[57,70,71],"class_list":{"0":"post-708","1":"product","2":"type-product","3":"status-publish","4":"has-post-thumbnail","6":"machine-compact","7":"product_cat-compact","8":"product_tag-autres","9":"product_tag-cables","10":"product_tag-kit","11":"desktop-align-left","12":"tablet-align-left","13":"mobile-align-left","15":"first","16":"instock","17":"taxable","18":"shipping-taxable","19":"purchasable","20":"product-type-simple"},"_links":{"self":[{"href":"https:\/\/consommables448khz.truxonline.com\/index.php\/wp-json\/wp\/v2\/product\/708","targetHints":{"allow":["GET"]}}],"collection":[{"href":"https:\/\/consommables448khz.truxonline.com\/index.php\/wp-json\/wp\/v2\/product"}],"about":[{"href":"https:\/\/consommables448khz.truxonline.com\/index.php\/wp-json\/wp\/v2\/types\/product"}],"wp:featuredmedia":[{"embeddable":true,"href":"https:\/\/consommables448khz.truxonline.com\/index.php\/wp-json\/wp\/v2\/media\/709"}],"wp:attachment":[{"href":"https:\/\/consommables448khz.truxonline.com\/index.php\/wp-json\/wp\/v2\/media?parent=708"}],"wp:term":[{"taxonomy":"machine","embeddable":true,"href":"https:\/\/consommables448khz.truxonline.com\/index.php\/wp-json\/wp\/v2\/machine?post=708"},{"taxonomy":"product_brand","embeddable":true,"href":"https:\/\/consommables448khz.truxonline.com\/index.php\/wp-json\/wp\/v2\/product_brand?post=708"},{"taxonomy":"product_cat","embeddable":true,"href":"https:\/\/consommables448khz.truxonline.com\/index.php\/wp-json\/wp\/v2\/product_cat?post=708"},{"taxonomy":"product_tag","embeddable":true,"href":"https:\/\/consommables448khz.truxonline.com\/index.php\/wp-json\/wp\/v2\/product_tag?post=708"}],"curies":[{"name":"wp","href":"https:\/\/api.w.org\/{rel}","templated":true}]}}