{"id":644,"date":"2026-02-03T18:59:15","date_gmt":"2026-02-03T17:59:15","guid":{"rendered":"https:\/\/consommables448khz.truxonline.com\/index.php\/product\/produit-27\/"},"modified":"2026-03-02T09:38:28","modified_gmt":"2026-03-02T08:38:28","slug":"produit-27","status":"publish","type":"product","link":"https:\/\/consommables448khz.truxonline.com\/index.php\/product\/produit-27\/","title":{"rendered":"Pack SOPHIA complet incluant:"},"content":{"rendered":"<p>Pi\u00e8ce \u00e0 main Pluma SMART<\/p>\n<p>Support pour poser le PLUMA<\/p>\n<p>Pack de 12 \u00e9lectrodes CAP intracavitaires \u00e0 usage unique + 12 protections individuelles (sp\u00e9cifique au PLUMA)<\/p>\n","protected":false},"excerpt":{"rendered":"<p>Pi\u00e8ce \u00e0 main Pluma SMART Support pour poser le PLUMA Pack de 12 \u00e9lectrodes CAP intracavitaires \u00e0 usage unique + [&hellip;]<\/p>\n","protected":false},"featured_media":671,"template":"","meta":{"site-sidebar-layout":"default","site-content-layout":"","ast-site-content-layout":"default","site-content-style":"default","site-sidebar-style":"default","ast-global-header-display":"","ast-banner-title-visibility":"","ast-main-header-display":"","ast-hfb-above-header-display":"","ast-hfb-below-header-display":"","ast-hfb-mobile-header-display":"","site-post-title":"","ast-breadcrumbs-content":"","ast-featured-img":"","footer-sml-layout":"","theme-transparent-header-meta":"default","adv-header-id-meta":"","stick-header-meta":"","header-above-stick-meta":"","header-main-stick-meta":"","header-below-stick-meta":"","astra-migrate-meta-layouts":"set","ast-page-background-enabled":"default","ast-page-background-meta":{"desktop":{"background-color":"var(--ast-global-color-5)","background-image":"","background-repeat":"repeat","background-position":"center center","background-size":"auto","background-attachment":"scroll","background-type":"","background-media":"","overlay-type":"","overlay-color":"","overlay-opacity":"","overlay-gradient":""},"tablet":{"background-color":"","background-image":"","background-repeat":"repeat","background-position":"center center","background-size":"auto","background-attachment":"scroll","background-type":"","background-media":"","overlay-type":"","overlay-color":"","overlay-opacity":"","overlay-gradient":""},"mobile":{"background-color":"","background-image":"","background-repeat":"repeat","background-position":"center center","background-size":"auto","background-attachment":"scroll","background-type":"","background-media":"","overlay-type":"","overlay-color":"","overlay-opacity":"","overlay-gradient":""}},"ast-content-background-meta":{"desktop":{"background-color":"var(--ast-global-color-4)","background-image":"","background-repeat":"repeat","background-position":"center center","background-size":"auto","background-attachment":"scroll","background-type":"","background-media":"","overlay-type":"","overlay-color":"","overlay-opacity":"","overlay-gradient":""},"tablet":{"background-color":"var(--ast-global-color-4)","background-image":"","background-repeat":"repeat","background-position":"center center","background-size":"auto","background-attachment":"scroll","background-type":"","background-media":"","overlay-type":"","overlay-color":"","overlay-opacity":"","overlay-gradient":""},"mobile":{"background-color":"var(--ast-global-color-4)","background-image":"","background-repeat":"repeat","background-position":"center center","background-size":"auto","background-attachment":"scroll","background-type":"","background-media":"","overlay-type":"","overlay-color":"","overlay-opacity":"","overlay-gradient":""}}},"machine":[67],"product_brand":[],"product_cat":[60],"product_tag":[57,70,56,71],"class_list":{"0":"post-644","1":"product","2":"type-product","3":"status-publish","4":"has-post-thumbnail","6":"machine-compact","7":"product_cat-compact","8":"product_tag-autres","9":"product_tag-cables","10":"product_tag-electrodes","11":"product_tag-kit","12":"desktop-align-left","13":"tablet-align-left","14":"mobile-align-left","16":"first","17":"instock","18":"taxable","19":"shipping-taxable","20":"purchasable","21":"product-type-simple"},"_links":{"self":[{"href":"https:\/\/consommables448khz.truxonline.com\/index.php\/wp-json\/wp\/v2\/product\/644","targetHints":{"allow":["GET"]}}],"collection":[{"href":"https:\/\/consommables448khz.truxonline.com\/index.php\/wp-json\/wp\/v2\/product"}],"about":[{"href":"https:\/\/consommables448khz.truxonline.com\/index.php\/wp-json\/wp\/v2\/types\/product"}],"wp:featuredmedia":[{"embeddable":true,"href":"https:\/\/consommables448khz.truxonline.com\/index.php\/wp-json\/wp\/v2\/media\/671"}],"wp:attachment":[{"href":"https:\/\/consommables448khz.truxonline.com\/index.php\/wp-json\/wp\/v2\/media?parent=644"}],"wp:term":[{"taxonomy":"machine","embeddable":true,"href":"https:\/\/consommables448khz.truxonline.com\/index.php\/wp-json\/wp\/v2\/machine?post=644"},{"taxonomy":"product_brand","embeddable":true,"href":"https:\/\/consommables448khz.truxonline.com\/index.php\/wp-json\/wp\/v2\/product_brand?post=644"},{"taxonomy":"product_cat","embeddable":true,"href":"https:\/\/consommables448khz.truxonline.com\/index.php\/wp-json\/wp\/v2\/product_cat?post=644"},{"taxonomy":"product_tag","embeddable":true,"href":"https:\/\/consommables448khz.truxonline.com\/index.php\/wp-json\/wp\/v2\/product_tag?post=644"}],"curies":[{"name":"wp","href":"https:\/\/api.w.org\/{rel}","templated":true}]}}