{"id":642,"date":"2026-02-03T18:59:14","date_gmt":"2026-02-03T17:59:14","guid":{"rendered":"https:\/\/consommables448khz.truxonline.com\/index.php\/product\/produit-25\/"},"modified":"2026-03-02T09:39:11","modified_gmt":"2026-03-02T08:39:11","slug":"produit-25","status":"publish","type":"product","link":"https:\/\/consommables448khz.truxonline.com\/index.php\/product\/produit-25\/","title":{"rendered":"Pack ESSENCE complet incluant :"},"content":{"rendered":"<p>* Electrode anale CAP (+ fine)<\/p>\n<p>* Electrode vaginale CAP (courb\u00e9e)<\/p>\n<p>* Electrode Advanced CAP (+ courte et diam\u00e8tre + large)<\/p>\n<p>* Poign\u00e9e anti-rotation sp\u00e9cifique pour les 3 \u00e9lectrodes du kit ESSENCE<\/p>\n","protected":false},"excerpt":{"rendered":"<p>* Electrode anale CAP (+ fine) * Electrode vaginale CAP (courb\u00e9e) * Electrode Advanced CAP (+ courte et diam\u00e8tre + [&hellip;]<\/p>\n","protected":false},"featured_media":676,"template":"","meta":{"site-sidebar-layout":"default","site-content-layout":"","ast-site-content-layout":"default","site-content-style":"default","site-sidebar-style":"default","ast-global-header-display":"","ast-banner-title-visibility":"","ast-main-header-display":"","ast-hfb-above-header-display":"","ast-hfb-below-header-display":"","ast-hfb-mobile-header-display":"","site-post-title":"","ast-breadcrumbs-content":"","ast-featured-img":"","footer-sml-layout":"","theme-transparent-header-meta":"default","adv-header-id-meta":"","stick-header-meta":"","header-above-stick-meta":"","header-main-stick-meta":"","header-below-stick-meta":"","astra-migrate-meta-layouts":"set","ast-page-background-enabled":"default","ast-page-background-meta":{"desktop":{"background-color":"var(--ast-global-color-5)","background-image":"","background-repeat":"repeat","background-position":"center center","background-size":"auto","background-attachment":"scroll","background-type":"","background-media":"","overlay-type":"","overlay-color":"","overlay-opacity":"","overlay-gradient":""},"tablet":{"background-color":"","background-image":"","background-repeat":"repeat","background-position":"center center","background-size":"auto","background-attachment":"scroll","background-type":"","background-media":"","overlay-type":"","overlay-color":"","overlay-opacity":"","overlay-gradient":""},"mobile":{"background-color":"","background-image":"","background-repeat":"repeat","background-position":"center center","background-size":"auto","background-attachment":"scroll","background-type":"","background-media":"","overlay-type":"","overlay-color":"","overlay-opacity":"","overlay-gradient":""}},"ast-content-background-meta":{"desktop":{"background-color":"var(--ast-global-color-4)","background-image":"","background-repeat":"repeat","background-position":"center center","background-size":"auto","background-attachment":"scroll","background-type":"","background-media":"","overlay-type":"","overlay-color":"","overlay-opacity":"","overlay-gradient":""},"tablet":{"background-color":"var(--ast-global-color-4)","background-image":"","background-repeat":"repeat","background-position":"center center","background-size":"auto","background-attachment":"scroll","background-type":"","background-media":"","overlay-type":"","overlay-color":"","overlay-opacity":"","overlay-gradient":""},"mobile":{"background-color":"var(--ast-global-color-4)","background-image":"","background-repeat":"repeat","background-position":"center center","background-size":"auto","background-attachment":"scroll","background-type":"","background-media":"","overlay-type":"","overlay-color":"","overlay-opacity":"","overlay-gradient":""}}},"machine":[67],"product_brand":[],"product_cat":[60],"product_tag":[56,71],"class_list":{"0":"post-642","1":"product","2":"type-product","3":"status-publish","4":"has-post-thumbnail","6":"machine-compact","7":"product_cat-compact","8":"product_tag-electrodes","9":"product_tag-kit","10":"desktop-align-left","11":"tablet-align-left","12":"mobile-align-left","14":"first","15":"instock","16":"taxable","17":"shipping-taxable","18":"purchasable","19":"product-type-simple"},"_links":{"self":[{"href":"https:\/\/consommables448khz.truxonline.com\/index.php\/wp-json\/wp\/v2\/product\/642","targetHints":{"allow":["GET"]}}],"collection":[{"href":"https:\/\/consommables448khz.truxonline.com\/index.php\/wp-json\/wp\/v2\/product"}],"about":[{"href":"https:\/\/consommables448khz.truxonline.com\/index.php\/wp-json\/wp\/v2\/types\/product"}],"wp:featuredmedia":[{"embeddable":true,"href":"https:\/\/consommables448khz.truxonline.com\/index.php\/wp-json\/wp\/v2\/media\/676"}],"wp:attachment":[{"href":"https:\/\/consommables448khz.truxonline.com\/index.php\/wp-json\/wp\/v2\/media?parent=642"}],"wp:term":[{"taxonomy":"machine","embeddable":true,"href":"https:\/\/consommables448khz.truxonline.com\/index.php\/wp-json\/wp\/v2\/machine?post=642"},{"taxonomy":"product_brand","embeddable":true,"href":"https:\/\/consommables448khz.truxonline.com\/index.php\/wp-json\/wp\/v2\/product_brand?post=642"},{"taxonomy":"product_cat","embeddable":true,"href":"https:\/\/consommables448khz.truxonline.com\/index.php\/wp-json\/wp\/v2\/product_cat?post=642"},{"taxonomy":"product_tag","embeddable":true,"href":"https:\/\/consommables448khz.truxonline.com\/index.php\/wp-json\/wp\/v2\/product_tag?post=642"}],"curies":[{"name":"wp","href":"https:\/\/api.w.org\/{rel}","templated":true}]}}