{"id":269,"date":"2025-04-02T12:41:19","date_gmt":"2025-04-02T10:41:19","guid":{"rendered":"http:\/\/consommables448khz.truxonline.com\/index.php\/product\/nouveau-kit-essence-incluan-electrode-anale-cap-fine-electrode-vaginale-cap-courbee-electrode-advanced-cap-courte-et-diametre-large-poignee-anti-rotation-specifique-pour-les-3-elec\/"},"modified":"2026-02-10T19:18:40","modified_gmt":"2026-02-10T18:18:40","slug":"nouveau-kit-essence-incluan-electrode-anale-cap-fine-electrode-vaginale-cap-courbee-electrode-advanced-cap-courte-et-diametre-large-poignee-anti-rotation-specifique-pour-les-3-elec","status":"publish","type":"product","link":"https:\/\/consommables448khz.truxonline.com\/index.php\/product\/nouveau-kit-essence-incluan-electrode-anale-cap-fine-electrode-vaginale-cap-courbee-electrode-advanced-cap-courte-et-diametre-large-poignee-anti-rotation-specifique-pour-les-3-elec\/","title":{"rendered":"Nouveau kit ESSENCE incluant* Electrode anale CAP (+ fine)* Electrode vaginale CAP (courb\u00e9e)* Electrode Advanced CAP (+ courte et diam\u00e8tre + large)* Poign\u00e9e anti-rotation sp\u00e9cifique pour les 3 \u00e9lectrodes du kit ESSENCE"},"content":{"rendered":"","protected":false},"excerpt":{"rendered":"","protected":false},"featured_media":324,"template":"","meta":{"site-sidebar-layout":"default","site-content-layout":"","ast-site-content-layout":"default","site-content-style":"default","site-sidebar-style":"default","ast-global-header-display":"","ast-banner-title-visibility":"","ast-main-header-display":"","ast-hfb-above-header-display":"","ast-hfb-below-header-display":"","ast-hfb-mobile-header-display":"","site-post-title":"","ast-breadcrumbs-content":"","ast-featured-img":"","footer-sml-layout":"","theme-transparent-header-meta":"default","adv-header-id-meta":"","stick-header-meta":"","header-above-stick-meta":"","header-main-stick-meta":"","header-below-stick-meta":"","astra-migrate-meta-layouts":"set","ast-page-background-enabled":"default","ast-page-background-meta":{"desktop":{"background-color":"var(--ast-global-color-5)","background-image":"","background-repeat":"repeat","background-position":"center center","background-size":"auto","background-attachment":"scroll","background-type":"","background-media":"","overlay-type":"","overlay-color":"","overlay-opacity":"","overlay-gradient":""},"tablet":{"background-color":"","background-image":"","background-repeat":"repeat","background-position":"center center","background-size":"auto","background-attachment":"scroll","background-type":"","background-media":"","overlay-type":"","overlay-color":"","overlay-opacity":"","overlay-gradient":""},"mobile":{"background-color":"","background-image":"","background-repeat":"repeat","background-position":"center center","background-size":"auto","background-attachment":"scroll","background-type":"","background-media":"","overlay-type":"","overlay-color":"","overlay-opacity":"","overlay-gradient":""}},"ast-content-background-meta":{"desktop":{"background-color":"var(--ast-global-color-4)","background-image":"","background-repeat":"repeat","background-position":"center center","background-size":"auto","background-attachment":"scroll","background-type":"","background-media":"","overlay-type":"","overlay-color":"","overlay-opacity":"","overlay-gradient":""},"tablet":{"background-color":"var(--ast-global-color-4)","background-image":"","background-repeat":"repeat","background-position":"center center","background-size":"auto","background-attachment":"scroll","background-type":"","background-media":"","overlay-type":"","overlay-color":"","overlay-opacity":"","overlay-gradient":""},"mobile":{"background-color":"var(--ast-global-color-4)","background-image":"","background-repeat":"repeat","background-position":"center center","background-size":"auto","background-attachment":"scroll","background-type":"","background-media":"","overlay-type":"","overlay-color":"","overlay-opacity":"","overlay-gradient":""}}},"machine":[69],"product_brand":[],"product_cat":[38,46],"product_tag":[57,56,71],"class_list":{"0":"post-269","1":"product","2":"type-product","3":"status-publish","4":"has-post-thumbnail","6":"machine-activ","7":"product_cat-electrodes","8":"product_cat-nouveau-kit-plancher-pelvien-essence","9":"product_tag-autres","10":"product_tag-electrodes","11":"product_tag-kit","12":"desktop-align-left","13":"tablet-align-left","14":"mobile-align-left","16":"first","17":"instock","18":"taxable","19":"shipping-taxable","20":"purchasable","21":"product-type-simple"},"_links":{"self":[{"href":"https:\/\/consommables448khz.truxonline.com\/index.php\/wp-json\/wp\/v2\/product\/269","targetHints":{"allow":["GET"]}}],"collection":[{"href":"https:\/\/consommables448khz.truxonline.com\/index.php\/wp-json\/wp\/v2\/product"}],"about":[{"href":"https:\/\/consommables448khz.truxonline.com\/index.php\/wp-json\/wp\/v2\/types\/product"}],"wp:featuredmedia":[{"embeddable":true,"href":"https:\/\/consommables448khz.truxonline.com\/index.php\/wp-json\/wp\/v2\/media\/324"}],"wp:attachment":[{"href":"https:\/\/consommables448khz.truxonline.com\/index.php\/wp-json\/wp\/v2\/media?parent=269"}],"wp:term":[{"taxonomy":"machine","embeddable":true,"href":"https:\/\/consommables448khz.truxonline.com\/index.php\/wp-json\/wp\/v2\/machine?post=269"},{"taxonomy":"product_brand","embeddable":true,"href":"https:\/\/consommables448khz.truxonline.com\/index.php\/wp-json\/wp\/v2\/product_brand?post=269"},{"taxonomy":"product_cat","embeddable":true,"href":"https:\/\/consommables448khz.truxonline.com\/index.php\/wp-json\/wp\/v2\/product_cat?post=269"},{"taxonomy":"product_tag","embeddable":true,"href":"https:\/\/consommables448khz.truxonline.com\/index.php\/wp-json\/wp\/v2\/product_tag?post=269"}],"curies":[{"name":"wp","href":"https:\/\/api.w.org\/{rel}","templated":true}]}}