{"id":268,"date":"2025-04-02T12:41:17","date_gmt":"2025-04-02T10:41:17","guid":{"rendered":"http:\/\/consommables448khz.truxonline.com\/index.php\/product\/pack-de-12-electrodes-cap-intracavitaires-a-usage-unique-12-protections-individuelles-specifique-au-pluma\/"},"modified":"2026-02-10T19:07:38","modified_gmt":"2026-02-10T18:07:38","slug":"pack-de-12-electrodes-cap-intracavitaires-a-usage-unique-12-protections-individuelles-specifique-au-pluma","status":"publish","type":"product","link":"https:\/\/consommables448khz.truxonline.com\/index.php\/product\/pack-de-12-electrodes-cap-intracavitaires-a-usage-unique-12-protections-individuelles-specifique-au-pluma\/","title":{"rendered":"* Pack de 12 \u00e9lectrodes CAP intracavitaires \u00e0 usage unique + 12 protections individuelles        (sp\u00e9cifique au PLUMA)"},"content":{"rendered":"","protected":false},"excerpt":{"rendered":"","protected":false},"featured_media":325,"template":"","meta":{"site-sidebar-layout":"default","site-content-layout":"","ast-site-content-layout":"default","site-content-style":"default","site-sidebar-style":"default","ast-global-header-display":"","ast-banner-title-visibility":"","ast-main-header-display":"","ast-hfb-above-header-display":"","ast-hfb-below-header-display":"","ast-hfb-mobile-header-display":"","site-post-title":"","ast-breadcrumbs-content":"","ast-featured-img":"","footer-sml-layout":"","theme-transparent-header-meta":"default","adv-header-id-meta":"","stick-header-meta":"","header-above-stick-meta":"","header-main-stick-meta":"","header-below-stick-meta":"","astra-migrate-meta-layouts":"set","ast-page-background-enabled":"default","ast-page-background-meta":{"desktop":{"background-color":"var(--ast-global-color-5)","background-image":"","background-repeat":"repeat","background-position":"center center","background-size":"auto","background-attachment":"scroll","background-type":"","background-media":"","overlay-type":"","overlay-color":"","overlay-opacity":"","overlay-gradient":""},"tablet":{"background-color":"","background-image":"","background-repeat":"repeat","background-position":"center center","background-size":"auto","background-attachment":"scroll","background-type":"","background-media":"","overlay-type":"","overlay-color":"","overlay-opacity":"","overlay-gradient":""},"mobile":{"background-color":"","background-image":"","background-repeat":"repeat","background-position":"center center","background-size":"auto","background-attachment":"scroll","background-type":"","background-media":"","overlay-type":"","overlay-color":"","overlay-opacity":"","overlay-gradient":""}},"ast-content-background-meta":{"desktop":{"background-color":"var(--ast-global-color-4)","background-image":"","background-repeat":"repeat","background-position":"center center","background-size":"auto","background-attachment":"scroll","background-type":"","background-media":"","overlay-type":"","overlay-color":"","overlay-opacity":"","overlay-gradient":""},"tablet":{"background-color":"var(--ast-global-color-4)","background-image":"","background-repeat":"repeat","background-position":"center center","background-size":"auto","background-attachment":"scroll","background-type":"","background-media":"","overlay-type":"","overlay-color":"","overlay-opacity":"","overlay-gradient":""},"mobile":{"background-color":"var(--ast-global-color-4)","background-image":"","background-repeat":"repeat","background-position":"center center","background-size":"auto","background-attachment":"scroll","background-type":"","background-media":"","overlay-type":"","overlay-color":"","overlay-opacity":"","overlay-gradient":""}}},"machine":[69,67],"product_brand":[],"product_cat":[45],"product_tag":[56],"class_list":{"0":"post-268","1":"product","2":"type-product","3":"status-publish","4":"has-post-thumbnail","6":"machine-activ","7":"machine-compact","8":"product_cat-pack-sophia-gynecologie","9":"product_tag-electrodes","10":"desktop-align-left","11":"tablet-align-left","12":"mobile-align-left","14":"first","15":"instock","16":"taxable","17":"shipping-taxable","18":"purchasable","19":"product-type-simple"},"_links":{"self":[{"href":"https:\/\/consommables448khz.truxonline.com\/index.php\/wp-json\/wp\/v2\/product\/268","targetHints":{"allow":["GET"]}}],"collection":[{"href":"https:\/\/consommables448khz.truxonline.com\/index.php\/wp-json\/wp\/v2\/product"}],"about":[{"href":"https:\/\/consommables448khz.truxonline.com\/index.php\/wp-json\/wp\/v2\/types\/product"}],"wp:featuredmedia":[{"embeddable":true,"href":"https:\/\/consommables448khz.truxonline.com\/index.php\/wp-json\/wp\/v2\/media\/325"}],"wp:attachment":[{"href":"https:\/\/consommables448khz.truxonline.com\/index.php\/wp-json\/wp\/v2\/media?parent=268"}],"wp:term":[{"taxonomy":"machine","embeddable":true,"href":"https:\/\/consommables448khz.truxonline.com\/index.php\/wp-json\/wp\/v2\/machine?post=268"},{"taxonomy":"product_brand","embeddable":true,"href":"https:\/\/consommables448khz.truxonline.com\/index.php\/wp-json\/wp\/v2\/product_brand?post=268"},{"taxonomy":"product_cat","embeddable":true,"href":"https:\/\/consommables448khz.truxonline.com\/index.php\/wp-json\/wp\/v2\/product_cat?post=268"},{"taxonomy":"product_tag","embeddable":true,"href":"https:\/\/consommables448khz.truxonline.com\/index.php\/wp-json\/wp\/v2\/product_tag?post=268"}],"curies":[{"name":"wp","href":"https:\/\/api.w.org\/{rel}","templated":true}]}}