{"id":373,"date":"2025-04-05T20:23:04","date_gmt":"2025-04-05T18:23:04","guid":{"rendered":"http:\/\/consommables448khz.truxonline.com\/?page_id=373"},"modified":"2026-02-02T09:59:39","modified_gmt":"2026-02-02T08:59:39","slug":"bienvenue","status":"publish","type":"page","link":"https:\/\/consommables448khz.truxonline.com\/","title":{"rendered":"Bienvenue !"},"content":{"rendered":"\n<p>Bienvenue sur votre espace de commande INDIBA ! Retrouvez ici tous vos consommables indispensables pour vos soins INDIBA, facilement et rapidement. Ce site a \u00e9t\u00e9 pens\u00e9 pour simplifier vos commandes, vous faire gagner du temps et vous offrir un service fluide et r\u00e9actif. Bonne visite, et n\u2019h\u00e9sitez pas \u00e0 nous contacter pour toute question !<\/p>\n\n\n\n<p><\/p>\n\n\n<div class=\"tunnel-container\"><a href=\"https:\/\/consommables448khz.truxonline.com\/index.php\/shop\/?f_machine=activ\" class=\"tunnel-card\"><img decoding=\"async\" src=\"http:\/\/consommables448khz.truxonline.com\/wp-content\/uploads\/2026\/02\/CT8.jpg\" class=\"tunnel-img\" \/><strong>Activ AT7, CT8, CT9<\/strong><\/a><a href=\"https:\/\/consommables448khz.truxonline.com\/index.php\/shop\/?f_machine=aero\" class=\"tunnel-card\"><img decoding=\"async\" src=\"http:\/\/consommables448khz.truxonline.com\/wp-content\/uploads\/2025\/03\/Plastic-Cups.jpg\" class=\"tunnel-img\" \/><strong>Aero<\/strong><\/a><a href=\"https:\/\/consommables448khz.truxonline.com\/index.php\/shop\/?f_machine=compact\" class=\"tunnel-card\"><img decoding=\"async\" src=\"http:\/\/consommables448khz.truxonline.com\/wp-content\/uploads\/2026\/02\/1038-INDIBA-INTIMATE-_-Carrusel-_-COMPACT-SERIE-FR-_-30_09_1.png\" class=\"tunnel-img\" \/><strong>Compact<\/strong><\/a><\/div>\n\n\n\n<div style=\"height:121px\" aria-hidden=\"true\" class=\"wp-block-spacer\"><\/div>\n\n\n\n<div class=\"wp-block-buttons is-content-justification-center is-layout-flex wp-container-core-buttons-is-layout-a89b3969 wp-block-buttons-is-layout-flex\">\n<div class=\"wp-block-button\"><a class=\"wp-block-button__link wp-element-button\" href=\"http:\/\/consommables448khz.truxonline.com\/index.php\/shop\/\">Aller \u00e0 la boutique<\/a><\/div>\n<\/div>\n\n\n\n<p><\/p>\n","protected":false},"excerpt":{"rendered":"<p>Bienvenue sur votre espace de commande INDIBA ! Retrouvez ici tous vos consommables indispensables pour vos soins INDIBA, facilement et [&hellip;]<\/p>\n","protected":false},"author":1,"featured_media":0,"parent":0,"menu_order":0,"comment_status":"closed","ping_status":"closed","template":"","meta":{"site-sidebar-layout":"default","site-content-layout":"","ast-site-content-layout":"default","site-content-style":"default","site-sidebar-style":"default","ast-global-header-display":"","ast-banner-title-visibility":"","ast-main-header-display":"","ast-hfb-above-header-display":"","ast-hfb-below-header-display":"","ast-hfb-mobile-header-display":"","site-post-title":"","ast-breadcrumbs-content":"","ast-featured-img":"","footer-sml-layout":"","theme-transparent-header-meta":"","adv-header-id-meta":"","stick-header-meta":"","header-above-stick-meta":"","header-main-stick-meta":"","header-below-stick-meta":"","astra-migrate-meta-layouts":"default","ast-page-background-enabled":"default","ast-page-background-meta":{"desktop":{"background-color":"var(--ast-global-color-5)","background-image":"","background-repeat":"repeat","background-position":"center center","background-size":"auto","background-attachment":"scroll","background-type":"","background-media":"","overlay-type":"","overlay-color":"","overlay-opacity":"","overlay-gradient":""},"tablet":{"background-color":"","background-image":"","background-repeat":"repeat","background-position":"center center","background-size":"auto","background-attachment":"scroll","background-type":"","background-media":"","overlay-type":"","overlay-color":"","overlay-opacity":"","overlay-gradient":""},"mobile":{"background-color":"","background-image":"","background-repeat":"repeat","background-position":"center center","background-size":"auto","background-attachment":"scroll","background-type":"","background-media":"","overlay-type":"","overlay-color":"","overlay-opacity":"","overlay-gradient":""}},"ast-content-background-meta":{"desktop":{"background-color":"var(--ast-global-color-4)","background-image":"","background-repeat":"repeat","background-position":"center center","background-size":"auto","background-attachment":"scroll","background-type":"","background-media":"","overlay-type":"","overlay-color":"","overlay-opacity":"","overlay-gradient":""},"tablet":{"background-color":"var(--ast-global-color-4)","background-image":"","background-repeat":"repeat","background-position":"center center","background-size":"auto","background-attachment":"scroll","background-type":"","background-media":"","overlay-type":"","overlay-color":"","overlay-opacity":"","overlay-gradient":""},"mobile":{"background-color":"var(--ast-global-color-4)","background-image":"","background-repeat":"repeat","background-position":"center center","background-size":"auto","background-attachment":"scroll","background-type":"","background-media":"","overlay-type":"","overlay-color":"","overlay-opacity":"","overlay-gradient":""}},"footnotes":""},"class_list":["post-373","page","type-page","status-publish","hentry"],"_links":{"self":[{"href":"https:\/\/consommables448khz.truxonline.com\/index.php\/wp-json\/wp\/v2\/pages\/373","targetHints":{"allow":["GET"]}}],"collection":[{"href":"https:\/\/consommables448khz.truxonline.com\/index.php\/wp-json\/wp\/v2\/pages"}],"about":[{"href":"https:\/\/consommables448khz.truxonline.com\/index.php\/wp-json\/wp\/v2\/types\/page"}],"author":[{"embeddable":true,"href":"https:\/\/consommables448khz.truxonline.com\/index.php\/wp-json\/wp\/v2\/users\/1"}],"replies":[{"embeddable":true,"href":"https:\/\/consommables448khz.truxonline.com\/index.php\/wp-json\/wp\/v2\/comments?post=373"}],"version-history":[{"count":10,"href":"https:\/\/consommables448khz.truxonline.com\/index.php\/wp-json\/wp\/v2\/pages\/373\/revisions"}],"predecessor-version":[{"id":605,"href":"https:\/\/consommables448khz.truxonline.com\/index.php\/wp-json\/wp\/v2\/pages\/373\/revisions\/605"}],"wp:attachment":[{"href":"https:\/\/consommables448khz.truxonline.com\/index.php\/wp-json\/wp\/v2\/media?parent=373"}],"curies":[{"name":"wp","href":"https:\/\/api.w.org\/{rel}","templated":true}]}}